{"id":148,"date":"2024-09-19T07:14:41","date_gmt":"2024-09-19T07:14:41","guid":{"rendered":"https:\/\/www.bluesc.de\/?page_id=148"},"modified":"2024-09-29T14:49:05","modified_gmt":"2024-09-29T14:49:05","slug":"about","status":"publish","type":"page","link":"https:\/\/www.bluesc.de\/en\/about\/","title":{"rendered":"About"},"content":{"rendered":"\n\n\t<h1>About<\/h1>\n<p>Willkommen auf meiner digitalen Visitenkarte! Mein Name ist Dr. Theresia Theuke und ich bin die Gr\u00fcnderin von BlueSea Communications.<\/p>\n<p>W\u00e4hrend meiner beruflichen Laufbahn und als Mutter von f\u00fcnf Kindern habe ich gelernt, wie entscheidend klare und zielgruppenspezifische Kommunikation f\u00fcr den Erfolg ist. Ohne klare und strategische Kommunikation l\u00e4uft nichts. Brillante Ideen, Anliegen und Botschaften verschwinden ungeh\u00f6rt. Doch wie bekommt man das mit der perfekten Kommunikation eigentlich hin? Wie bringt man die eigenen Anliegen in der internen und externen Kommunikation so richtig gut zur Geltung?<\/p>\n<p>Diese Fragen besch\u00e4ftigen mich, seit meine berufliche Reise nach dem Abitur an einem Erdbeerverkaufsstand an der Landstra\u00dfe begonnen hat. Ich merkte schnell: Wer nicht optimal kommuniziert, wird nicht wahrgenommen und verkauft weniger. Vom Erdbeerstand \u00fcber mein Studium, eine Promotion, mehrere Auslandsaufenthalte und berufliche Stationen auch in f\u00fchrenden Positionen, an der Universit\u00e4t, im Non-Profit-Bereich und Verlagswesen waren Kommunikation und strategisches Denken immer meine gro\u00dfe Leidenschaft. Durch die Arbeit an vielf\u00e4ltigen Projekten &#8211; von der Markenentwicklung \u00fcber Krisenmanagement bis hin zur strategischen Kommunikation &#8211; konnte ich mein Wissen in der Praxis anwenden und weiter verfeinern.<\/p>\n<p>Ich liebe es, verborgene Sch\u00e4tze zu bergen und so lange zu polieren, bis sie gl\u00e4nzen und jeder sie haben will. Dabei denke ich Projekte vom Ziel her, suche und entdecke Potentiale, werte sie analytisch aus und entfalte sie in einer soliden Strategie.<\/p>\n<p>Doch ohne Menschen sind Strategien nur Papiertiger. F\u00fcr Erfolg braucht es Menschen, an die sich Botschaften, Produkte oder Dienstleistungen richten und Menschen, die Strategien in Unternehmen und Organisationen erfolgreich umsetzen. Ich bin \u00fcberzeugt, dass der Schl\u00fcssel zum Erfolg die Menschen sind.<\/p>\n<p>Neugierig geworden? Dann lassen Sie uns gemeinsam herausfinden, wie wir Ihre Potentiale entfalten und Ihre Mission zum Strahlen bringen k\u00f6nnen. Ich freue mich darauf, mit Ihnen gemeinsam neue Wege zu gehen. Nutzen Sie das Kontaktformular oder rufen Sie mich an.<\/p>\n\t\t\t<a href=\"#Kontakt\" target=\"_self\" rel=\"noopener\">\n\t\t\t\t\t\t\tJetzt Kontakt aufnehmen\n\t\t\t<\/a>\n\t\t\t\t<img loading=\"lazy\" decoding=\"async\" src=\"https:\/\/www.bluesc.de\/wp-content\/uploads\/2024\/07\/wave-spacer.svg\" alt=\"wave-spacer\" itemprop=\"image\" height=\"101\" width=\"5121\" title=\"wave-spacer\" onerror=\"this.style.display='none'\"  \/>\n\t<h2>Kontakt<\/h2>\n<p>Kontaktieren Sie uns, damit Ihre Mission zum vollen Erfolg wird!<\/p>\n\t<style id=\"wpforms-css-vars-43\">\n\t\t\t\t#wpforms-43 {\n\t\t\t\t\n\t\t\t}\n\t\t\t<\/style><div class=\"wpforms-container wpforms-container-full bsc-contact-form wpforms-render-modern\" id=\"wpforms-43\"><form id=\"wpforms-form-43\" class=\"wpforms-validate wpforms-form wpforms-ajax-form\" data-formid=\"43\" method=\"post\" enctype=\"multipart\/form-data\" action=\"\/en\/wp-json\/wp\/v2\/pages\/148\" data-token=\"4a52e0d41878e31e32df48b2819f23c4\" data-token-time=\"1775549701\"><noscript class=\"wpforms-error-noscript\">Please enable JavaScript in your browser to complete this form.<\/noscript><div id=\"wpforms-error-noscript\" style=\"display: none;\">Please enable JavaScript in your browser to complete this form.<\/div><div class=\"wpforms-field-container\"><div id=\"wpforms-43-field_1-container\" class=\"wpforms-field wpforms-field-text bsc-form-company\" data-field-id=\"1\"><label class=\"wpforms-field-label wpforms-label-hide\" for=\"wpforms-43-field_1\" aria-hidden=\"false\">Firma \/ Organisation<\/label><input type=\"text\" id=\"wpforms-43-field_1\" class=\"wpforms-field-large\" name=\"wpforms[fields][1]\" placeholder=\"Firma \/ Organisation\" aria-errormessage=\"wpforms-43-field_1-error\" ><\/div>\t\t<div id=\"wpforms-43-field_2-container\"\n\t\t\tclass=\"wpforms-field wpforms-field-text\"\n\t\t\tdata-field-type=\"text\"\n\t\t\tdata-field-id=\"2\"\n\t\t\t>\n\t\t\t<label class=\"wpforms-field-label\" for=\"wpforms-43-field_2\" >Firma Vorname Nachricht<\/label>\n\t\t\t<input type=\"text\" id=\"wpforms-43-field_2\" class=\"wpforms-field-medium\" name=\"wpforms[fields][2]\" >\n\t\t<\/div>\n\t\t<div id=\"wpforms-43-field_9-container\" class=\"wpforms-field wpforms-field-layout\" data-field-id=\"9\"><div class=\"wpforms-field-layout-rows wpforms-field-large\"><div class=\"wpforms-layout-row\"><div class=\"wpforms-layout-column wpforms-layout-column-50\"><div id=\"wpforms-43-field_12-container\" class=\"wpforms-field wpforms-field-text bsc-first-name\" data-field-id=\"12\"><label class=\"wpforms-field-label wpforms-label-hide\" for=\"wpforms-43-field_12\" aria-hidden=\"false\">Vorname<\/label><input type=\"text\" id=\"wpforms-43-field_12\" class=\"wpforms-field-medium\" name=\"wpforms[fields][12]\" placeholder=\"Vorname\" aria-errormessage=\"wpforms-43-field_12-error\" ><\/div><\/div><div class=\"wpforms-layout-column wpforms-layout-column-50\"><div id=\"wpforms-43-field_13-container\" class=\"wpforms-field wpforms-field-text bsc-last-name\" data-field-id=\"13\"><label class=\"wpforms-field-label wpforms-label-hide\" for=\"wpforms-43-field_13\" aria-hidden=\"false\">Nachname<\/label><input type=\"text\" id=\"wpforms-43-field_13\" class=\"wpforms-field-medium\" name=\"wpforms[fields][13]\" placeholder=\"Nachname\" aria-errormessage=\"wpforms-43-field_13-error\" ><\/div><\/div><\/div><\/div><\/div><div id=\"wpforms-43-field_3-container\" class=\"wpforms-field wpforms-field-layout\" data-field-id=\"3\"><div class=\"wpforms-field-layout-rows wpforms-field-large\"><div class=\"wpforms-layout-row\"><div class=\"wpforms-layout-column wpforms-layout-column-50\"><div id=\"wpforms-43-field_4-container\" class=\"wpforms-field wpforms-field-email bsc-form-mail\" data-field-id=\"4\"><label class=\"wpforms-field-label wpforms-label-hide\" for=\"wpforms-43-field_4\" aria-hidden=\"false\">E-Mail-Adresse <span class=\"wpforms-required-label\" aria-hidden=\"true\">*<\/span><\/label><input type=\"email\" id=\"wpforms-43-field_4\" class=\"wpforms-field-medium wpforms-field-required\" name=\"wpforms[fields][4]\" placeholder=\"E-Mail-Adresse\" spellcheck=\"false\" aria-errormessage=\"wpforms-43-field_4-error\" required><\/div><\/div><div class=\"wpforms-layout-column wpforms-layout-column-50\"><div id=\"wpforms-43-field_5-container\" class=\"wpforms-field wpforms-field-phone bsc-form-phone\" data-field-id=\"5\"><label class=\"wpforms-field-label wpforms-label-hide\" for=\"wpforms-43-field_5\" aria-hidden=\"false\">Telefonnummer<\/label><input type=\"tel\" id=\"wpforms-43-field_5\" class=\"wpforms-field-medium\" data-rule-int-phone-field=\"true\" name=\"wpforms[fields][5]\" placeholder=\"Telefonnummer (optional)\" aria-label=\"Telefonnummer\" aria-errormessage=\"wpforms-43-field_5-error\" ><\/div><\/div><\/div><\/div><\/div><div id=\"wpforms-43-field_6-container\" class=\"wpforms-field wpforms-field-textarea bsc-form-message\" data-field-id=\"6\"><label class=\"wpforms-field-label wpforms-label-hide\" for=\"wpforms-43-field_6\" aria-hidden=\"false\">Ihre Nachricht<\/label><textarea id=\"wpforms-43-field_6\" class=\"wpforms-field-medium\" name=\"wpforms[fields][6]\" placeholder=\"Ihre Nachricht\" aria-errormessage=\"wpforms-43-field_6-error\" ><\/textarea><\/div><div id=\"wpforms-43-field_7-container\" class=\"wpforms-field wpforms-field-gdpr-checkbox\" data-field-id=\"7\"><label class=\"wpforms-field-label wpforms-label-hide\" aria-hidden=\"false\">DSGVO-Einverst\u00e4ndnis <span class=\"wpforms-required-label\" aria-hidden=\"true\">*<\/span><\/label><ul id=\"wpforms-43-field_7\" class=\"wpforms-field-required\"><li class=\"choice-1\"><input type=\"checkbox\" id=\"wpforms-43-field_7_1\" name=\"wpforms[fields][7][]\" value=\"Ich habe die &lt;a href=&quot;\/datenschutz\/&quot; target=&quot;_blank&quot;&gt;Datenschutzbestimmungen&lt;\/a&gt; gelesen und bin damit einverstanden.\" aria-errormessage=\"wpforms-43-field_7_1-error\" required ><label class=\"wpforms-field-label-inline\" for=\"wpforms-43-field_7_1\">Ich habe die <a href=\"\/datenschutz\/\" target=\"_blank\">Datenschutzbestimmungen<\/a> gelesen und bin damit einverstanden. <span class=\"wpforms-required-label\" aria-hidden=\"true\">*<\/span><\/label><\/li><\/ul><\/div><script>\n\t\t\t\t( function() {\n\t\t\t\t\tconst style = document.createElement( 'style' );\n\t\t\t\t\tstyle.appendChild( document.createTextNode( '#wpforms-43-field_2-container { position: absolute !important; overflow: hidden !important; display: inline !important; height: 1px !important; width: 1px !important; z-index: -1000 !important; padding: 0 !important; } #wpforms-43-field_2-container input { visibility: hidden; } #wpforms-conversational-form-page #wpforms-43-field_2-container label { counter-increment: none; }' ) );\n\t\t\t\t\tdocument.head.appendChild( style );\n\t\t\t\t\tdocument.currentScript?.remove();\n\t\t\t\t} )();\n\t\t\t<\/script><\/div><!-- .wpforms-field-container --><div class=\"wpforms-submit-container\" ><input type=\"hidden\" name=\"wpforms[id]\" value=\"43\"><input type=\"hidden\" name=\"page_title\" value=\"\"><input type=\"hidden\" name=\"page_url\" value=\"https:\/\/www.bluesc.de\/en\/wp-json\/wp\/v2\/pages\/148\"><input type=\"hidden\" name=\"url_referer\" value=\"\"><button type=\"submit\" name=\"wpforms[submit]\" id=\"wpforms-submit-43\" class=\"wpforms-submit bsc-button\" data-alt-text=\"Wird gesendet\u00a0\u2026\" data-submit-text=\"Nachricht senden\" aria-live=\"assertive\" value=\"wpforms-submit\">Nachricht senden<\/button><img loading=\"lazy\" decoding=\"async\" src=\"https:\/\/www.bluesc.de\/wp-content\/plugins\/wpforms\/assets\/images\/submit-spin.svg\" class=\"wpforms-submit-spinner\" style=\"display: none;\" width=\"26\" height=\"26\" alt=\"Loading\"><\/div><\/form><\/div>  <!-- .wpforms-container -->\n\n","protected":false},"excerpt":{"rendered":"<p>About Willkommen auf meiner digitalen Visitenkarte! Mein Name ist Dr. Theresia Theuke und ich bin die Gr\u00fcnderin von BlueSea Communications. W\u00e4hrend meiner beruflichen Laufbahn und als Mutter von f\u00fcnf Kindern habe ich gelernt, wie entscheidend klare und zielgruppenspezifische Kommunikation f\u00fcr den Erfolg ist. Ohne klare und strategische Kommunikation l\u00e4uft nichts. Brillante Ideen, Anliegen und Botschaften&hellip;<\/p>","protected":false},"author":1,"featured_media":0,"parent":0,"menu_order":0,"comment_status":"closed","ping_status":"closed","template":"","meta":{"_acf_changed":false,"inline_featured_image":false,"footnotes":""},"class_list":["post-148","page","type-page","status-publish","hentry"],"acf":[],"_links":{"self":[{"href":"https:\/\/www.bluesc.de\/en\/wp-json\/wp\/v2\/pages\/148","targetHints":{"allow":["GET"]}}],"collection":[{"href":"https:\/\/www.bluesc.de\/en\/wp-json\/wp\/v2\/pages"}],"about":[{"href":"https:\/\/www.bluesc.de\/en\/wp-json\/wp\/v2\/types\/page"}],"author":[{"embeddable":true,"href":"https:\/\/www.bluesc.de\/en\/wp-json\/wp\/v2\/users\/1"}],"replies":[{"embeddable":true,"href":"https:\/\/www.bluesc.de\/en\/wp-json\/wp\/v2\/comments?post=148"}],"version-history":[{"count":12,"href":"https:\/\/www.bluesc.de\/en\/wp-json\/wp\/v2\/pages\/148\/revisions"}],"predecessor-version":[{"id":251,"href":"https:\/\/www.bluesc.de\/en\/wp-json\/wp\/v2\/pages\/148\/revisions\/251"}],"wp:attachment":[{"href":"https:\/\/www.bluesc.de\/en\/wp-json\/wp\/v2\/media?parent=148"}],"curies":[{"name":"wp","href":"https:\/\/api.w.org\/{rel}","templated":true}]}}